{"id":720,"date":"2020-03-28T16:08:44","date_gmt":"2020-03-28T15:08:44","guid":{"rendered":"https:\/\/heynen.weiss-partner.com\/impressum\/"},"modified":"2021-07-16T14:28:24","modified_gmt":"2021-07-16T12:28:24","slug":"bedrijfsgegevens","status":"publish","type":"page","link":"https:\/\/heynen-packaging.de\/nl\/bedrijfsgegevens\/","title":{"rendered":"Bedrijfsgegevens"},"content":{"rendered":"<h1><strong>Bedrijfsgegevens<\/strong><\/h1>\n<p>Informatie volgens \u00a75 TMG:<\/p>\n<p><strong>Heynen GmbH &amp; Co. kartonnen doos fabriek KG<\/strong><br \/>\nZiegelstr. 68<br \/>\nD &#8211; 47533 Gleuf<\/p>\n<p>Telefoon: +49 (0)2821\/75 23-0<br \/>\nFax: +49 (0)2821\/75 23-23<br \/>\n<a href=\"mailto:vertrieb@heynen-packaging.de\">vertrieb@heynen-packaging.de<\/a><br \/>\n<a href=\"https:\/\/heynen-packaging.de\/nl\/\">heynen-packaging.de<\/a><\/p>\n<p>Beheer: M. Rund<\/p>\n<p>Zetel van het bedrijf: Kleef<br \/>\nRegistratie rechtbank Kleef, HRA 100<\/p>\n<p>Identificatienummer voor de omzetbelasting volgens \u00a727a omzetbelastingwet:<br \/>\nDE 120096429<\/p>\n<p><strong>Afwijzing van aansprakelijkheid<\/strong><\/p>\n<p><strong>Aansprakelijkheid voor de inhoud<\/strong><br \/>\nAls dienstverlener zijn wij verantwoordelijk voor onze eigen inhoud op deze pagina&#8217;s volgens \u00a7 7 lid 1 TMG (Duitse Telemediawet) en de algemene wetten. Volgens \u00a7\u00a7 8 tot 10 TMG zijn wij niet verplicht om doorgegeven of opgeslagen informatie van derden te controleren of om omstandigheden te onderzoeken die wijzen op een illegale activiteit. Verplichtingen tot het verwijderen of blokkeren van het gebruik van informatie volgens de algemene wetten blijven hierdoor onaangetast. Aansprakelijkheid in dit verband is echter pas mogelijk vanaf het moment dat men op de hoogte is van een concrete inbreuk. Indien wij kennis nemen van dergelijke wetsovertredingen, zullen wij de inhoud in kwestie onmiddellijk verwijderen.<\/p>\n<p><strong>Aansprakelijkheid voor links<\/strong><br \/>\nOns aanbod bevat links naar externe websites van derden, op de inhoud waarvan wij geen invloed hebben. Daarom kunnen wij geen aansprakelijkheid aanvaarden voor deze externe inhoud. Voor de inhoud van de gelinkte sites is altijd de betreffende aanbieder of exploitant van de sites verantwoordelijk. De gelinkte pagina&#8217;s werden op het moment van linken gecontroleerd op mogelijke wetsovertredingen. Illegale inhoud werd ten tijde van het linken niet ge\u00efdentificeerd. Een permanente controle van de inhoud van de gelinkte pagina&#8217;s is echter niet redelijk zonder concreet bewijs van een overtreding van de wet. Indien wij kennis nemen van eventuele inbreuken, zullen wij dergelijke links onmiddellijk verwijderen.<\/p>\n<p><strong>Copyright<\/strong><br \/>\nDe inhoud en werken op deze pagina&#8217;s die door de exploitanten van de site zijn gemaakt, zijn onderworpen aan het Duitse auteursrecht. Voor de reproductie, bewerking, verspreiding en elke vorm van gebruik buiten de grenzen van het auteursrecht is de schriftelijke toestemming van de betreffende auteur of maker vereist. Downloads en kopie\u00ebn van deze pagina&#8217;s zijn alleen toegestaan voor priv\u00e9, niet-commercieel gebruik. Voor zover de inhoud van deze site niet door de exploitant is gecre\u00eberd, worden de auteursrechten van derden in acht genomen. Met name de inhoud van derden wordt als zodanig ge\u00efdentificeerd. Mocht u desondanks kennis nemen van een inbreuk op het auteursrecht, dan verzoeken wij u ons daarvan op de hoogte te stellen. Indien wij kennis nemen van eventuele overtredingen, zullen wij deze inhoud onmiddellijk verwijderen.<\/p>\n<p class=\"textklein\">Bron: <i><a href=\"http:\/\/www.e-recht24.de\" target=\"_blank\" rel=\"noopener noreferrer\">www.e-recht24.de<\/a><\/i><\/p>\n","protected":false},"excerpt":{"rendered":"<p>Bedrijfsgegevens Informatie volgens \u00a75 TMG: Heynen GmbH &amp; Co. kartonnen doos fabriek KG Ziegelstr. 68 D &#8211; 47533 Gleuf Telefoon: +49 (0)2821\/75 23-0 Fax: &#8230;<\/p>\n","protected":false},"author":1,"featured_media":0,"parent":0,"menu_order":4,"comment_status":"closed","ping_status":"closed","template":"page-legal.php","meta":{"footnotes":""},"yoast_head":"<!-- This site is optimized with the Yoast SEO plugin v15.1 - https:\/\/yoast.com\/wordpress\/plugins\/seo\/ -->\n<title>Bedrijfsgegevens | Heynen GmbH &amp; Co. KG | Verpackungen &amp; Kartonagen. | Hochwertig &amp; Nachhaltig.<\/title>\n<meta name=\"robots\" content=\"noindex, nofollow\" \/>\n<meta property=\"og:locale\" content=\"nl_NL\" \/>\n<meta property=\"og:type\" content=\"article\" \/>\n<meta property=\"og:title\" content=\"Bedrijfsgegevens | Heynen GmbH &amp; Co. KG | Verpackungen &amp; Kartonagen. | Hochwertig &amp; Nachhaltig.\" \/>\n<meta property=\"og:description\" content=\"Bedrijfsgegevens Informatie volgens \u00a75 TMG: Heynen GmbH &amp; Co. kartonnen doos fabriek KG Ziegelstr. 68 D &#8211; 47533 Gleuf Telefoon: +49 (0)2821\/75 23-0 Fax: ...\" \/>\n<meta property=\"og:url\" content=\"https:\/\/heynen-packaging.de\/nl\/bedrijfsgegevens\/\" \/>\n<meta property=\"og:site_name\" content=\"Heynen GmbH &amp; Co. KG | Verpackungen &amp; Kartonagen. | Hochwertig &amp; Nachhaltig.\" \/>\n<meta property=\"article:modified_time\" content=\"2021-07-16T12:28:24+00:00\" \/>\n<meta name=\"twitter:card\" content=\"summary_large_image\" \/>\n<script type=\"application\/ld+json\" class=\"yoast-schema-graph\">{\"@context\":\"https:\/\/schema.org\",\"@graph\":[{\"@type\":\"WebSite\",\"@id\":\"https:\/\/heynen-packaging.de\/nl\/#website\",\"url\":\"https:\/\/heynen-packaging.de\/nl\/\",\"name\":\"Heynen GmbH &amp; Co. KG | Verpackungen &amp; Kartonagen. | Hochwertig &amp; Nachhaltig.\",\"description\":\"Wir bieten vielf\\u00e4ltige Verpackungsl\\u00f6sungen und Kartonagen f\\u00fcr Industrie und Handel. Spezialisiert auf die Herstellung von Prim\\u00e4r- und Sekund\\u00e4rverpackungen.\",\"potentialAction\":[{\"@type\":\"SearchAction\",\"target\":\"https:\/\/heynen-packaging.de\/nl\/?s={search_term_string}\",\"query-input\":\"required name=search_term_string\"}],\"inLanguage\":\"nl-NL\"},{\"@type\":\"WebPage\",\"@id\":\"https:\/\/heynen-packaging.de\/nl\/bedrijfsgegevens\/#webpage\",\"url\":\"https:\/\/heynen-packaging.de\/nl\/bedrijfsgegevens\/\",\"name\":\"Bedrijfsgegevens | Heynen GmbH &amp; Co. KG | Verpackungen &amp; Kartonagen. | Hochwertig &amp; Nachhaltig.\",\"isPartOf\":{\"@id\":\"https:\/\/heynen-packaging.de\/nl\/#website\"},\"datePublished\":\"2020-03-28T15:08:44+00:00\",\"dateModified\":\"2021-07-16T12:28:24+00:00\",\"inLanguage\":\"nl-NL\",\"potentialAction\":[{\"@type\":\"ReadAction\",\"target\":[\"https:\/\/heynen-packaging.de\/nl\/bedrijfsgegevens\/\"]}]}]}<\/script>\n<!-- \/ Yoast SEO plugin. -->","_links":{"self":[{"href":"https:\/\/heynen-packaging.de\/nl\/wp-json\/wp\/v2\/pages\/720"}],"collection":[{"href":"https:\/\/heynen-packaging.de\/nl\/wp-json\/wp\/v2\/pages"}],"about":[{"href":"https:\/\/heynen-packaging.de\/nl\/wp-json\/wp\/v2\/types\/page"}],"author":[{"embeddable":true,"href":"https:\/\/heynen-packaging.de\/nl\/wp-json\/wp\/v2\/users\/1"}],"replies":[{"embeddable":true,"href":"https:\/\/heynen-packaging.de\/nl\/wp-json\/wp\/v2\/comments?post=720"}],"version-history":[{"count":4,"href":"https:\/\/heynen-packaging.de\/nl\/wp-json\/wp\/v2\/pages\/720\/revisions"}],"predecessor-version":[{"id":870,"href":"https:\/\/heynen-packaging.de\/nl\/wp-json\/wp\/v2\/pages\/720\/revisions\/870"}],"wp:attachment":[{"href":"https:\/\/heynen-packaging.de\/nl\/wp-json\/wp\/v2\/media?parent=720"}],"curies":[{"name":"wp","href":"https:\/\/api.w.org\/{rel}","templated":true}]}}